{"id":145,"date":"2023-04-18T14:59:20","date_gmt":"2023-04-18T14:59:20","guid":{"rendered":"http:\/\/wishtrial.com.mx\/Rekua\/?page_id=145"},"modified":"2023-04-27T17:55:02","modified_gmt":"2023-04-27T17:55:02","slug":"papach-spa-de-raises","status":"publish","type":"page","link":"https:\/\/wishtrial.com.mx\/Rekua\/papach-spa-de-raises\/","title":{"rendered":"papach spa de raices"},"content":{"rendered":"\t\t<div data-elementor-type=\"wp-page\" data-elementor-id=\"145\" class=\"elementor elementor-145\">\n\t\t\t\t\t\t\t\t\t<section class=\"elementor-section elementor-top-section elementor-element elementor-element-e61f775 elementor-section-full_width elementor-section-height-min-height elementor-section-content-middle elementor-section-stretched elementor-section-height-default elementor-section-items-middle\" data-id=\"e61f775\" data-element_type=\"section\" data-settings=\"{&quot;stretch_section&quot;:&quot;section-stretched&quot;,&quot;background_background&quot;:&quot;slideshow&quot;,&quot;background_slideshow_gallery&quot;:[{&quot;id&quot;:574,&quot;url&quot;:&quot;http:\\\/\\\/wishtrial.com.mx\\\/Rekua\\\/wp-content\\\/uploads\\\/2023\\\/04\\\/fondo-papach-scaled.jpg&quot;}],&quot;motion_fx_motion_fx_scrolling&quot;:&quot;yes&quot;,&quot;motion_fx_translateY_effect&quot;:&quot;yes&quot;,&quot;motion_fx_translateY_speed&quot;:{&quot;unit&quot;:&quot;px&quot;,&quot;size&quot;:1.600000000000000088817841970012523233890533447265625,&quot;sizes&quot;:[]},&quot;background_slideshow_loop&quot;:&quot;yes&quot;,&quot;background_slideshow_slide_duration&quot;:5000,&quot;background_slideshow_slide_transition&quot;:&quot;fade&quot;,&quot;background_slideshow_transition_duration&quot;:500,&quot;motion_fx_translateY_affectedRange&quot;:{&quot;unit&quot;:&quot;%&quot;,&quot;size&quot;:&quot;&quot;,&quot;sizes&quot;:{&quot;start&quot;:0,&quot;end&quot;:100}},&quot;motion_fx_devices&quot;:[&quot;desktop&quot;,&quot;tablet&quot;,&quot;mobile&quot;]}\">\n\t\t\t\t\t\t\t<div class=\"elementor-background-overlay\"><\/div>\n\t\t\t\t\t\t\t<div class=\"elementor-container elementor-column-gap-no\">\n\t\t\t\t\t<div class=\"elementor-column elementor-col-100 elementor-top-column elementor-element elementor-element-d7b9d60\" data-id=\"d7b9d60\" data-element_type=\"column\">\n\t\t\t<div class=\"elementor-widget-wrap elementor-element-populated\">\n\t\t\t\t\t\t\t\t<div class=\"elementor-element elementor-element-a8df770 elementor-widget elementor-widget-image\" data-id=\"a8df770\" data-element_type=\"widget\" data-widget_type=\"image.default\">\n\t\t\t\t<div class=\"elementor-widget-container\">\n\t\t\t<style>\/*! elementor - v3.12.1 - 02-04-2023 *\/\n.elementor-widget-image{text-align:center}.elementor-widget-image a{display:inline-block}.elementor-widget-image a img[src$=\".svg\"]{width:48px}.elementor-widget-image img{vertical-align:middle;display:inline-block}<\/style>\t\t\t\t\t\t\t\t\t\t\t\t<img loading=\"lazy\" decoding=\"async\" width=\"525\" height=\"196\" src=\"https:\/\/wishtrial.com.mx\/Rekua\/wp-content\/uploads\/2023\/04\/logo-papach-blanco.png\" class=\"attachment-large size-large wp-image-593\" alt=\"\" srcset=\"https:\/\/wishtrial.com.mx\/Rekua\/wp-content\/uploads\/2023\/04\/logo-papach-blanco.png 913w, https:\/\/wishtrial.com.mx\/Rekua\/wp-content\/uploads\/2023\/04\/logo-papach-blanco-300x112.png 300w, https:\/\/wishtrial.com.mx\/Rekua\/wp-content\/uploads\/2023\/04\/logo-papach-blanco-768x286.png 768w\" sizes=\"auto, 100vw\" \/>\t\t\t\t\t\t\t\t\t\t\t\t\t\t\t<\/div>\n\t\t\t\t<\/div>\n\t\t\t\t<div class=\"elementor-element elementor-element-c1dc799 elementor-widget elementor-widget-text-editor\" data-id=\"c1dc799\" data-element_type=\"widget\" data-widget_type=\"text-editor.default\">\n\t\t\t\t<div class=\"elementor-widget-container\">\n\t\t\t<style>\/*! elementor - v3.12.1 - 02-04-2023 *\/\n.elementor-widget-text-editor.elementor-drop-cap-view-stacked .elementor-drop-cap{background-color:#69727d;color:#fff}.elementor-widget-text-editor.elementor-drop-cap-view-framed .elementor-drop-cap{color:#69727d;border:3px solid;background-color:transparent}.elementor-widget-text-editor:not(.elementor-drop-cap-view-default) .elementor-drop-cap{margin-top:8px}.elementor-widget-text-editor:not(.elementor-drop-cap-view-default) .elementor-drop-cap-letter{width:1em;height:1em}.elementor-widget-text-editor .elementor-drop-cap{float:left;text-align:center;line-height:1;font-size:50px}.elementor-widget-text-editor .elementor-drop-cap-letter{display:inline-block}<\/style>\t\t\t\t<p>Valle de Bravo<\/p>\t\t\t\t\t\t<\/div>\n\t\t\t\t<\/div>\n\t\t\t\t<div class=\"elementor-element elementor-element-8106c7c elementor-widget elementor-widget-text-editor\" data-id=\"8106c7c\" data-element_type=\"widget\" data-widget_type=\"text-editor.default\">\n\t\t\t\t<div class=\"elementor-widget-container\">\n\t\t\t\t\t\t\t<p>SPA, cuya tradici\u00f3n m\u00e1s aceptada del origen es a significar Salute Per l\u2019Acqua, que retoma su esencia de procurar experiencias y rituales basados en el agua para generar bienestar. En conjunto con las ra\u00edces regionales mexicanas para acentuar a\u00fan m\u00e1s las t\u00e9cnicas, ingredientes y aromas utilizados.<span class=\"Apple-converted-space\">\u00a0<\/span><\/p>\t\t\t\t\t\t<\/div>\n\t\t\t\t<\/div>\n\t\t\t\t\t<\/div>\n\t\t<\/div>\n\t\t\t\t\t\t\t<\/div>\n\t\t<\/section>\n\t\t\t\t\t\t\t<\/div>\n\t\t","protected":false},"excerpt":{"rendered":"<p>Valle de Bravo SPA, cuya tradici\u00f3n m\u00e1s aceptada del origen es a significar Salute Per l\u2019Acqua, que retoma su esencia de procurar experiencias y rituales basados en el agua para generar bienestar. En conjunto con las ra\u00edces regionales mexicanas para acentuar a\u00fan m\u00e1s las t\u00e9cnicas, ingredientes y aromas utilizados.\u00a0<\/p>\n","protected":false},"author":1,"featured_media":0,"parent":0,"menu_order":0,"comment_status":"closed","ping_status":"closed","template":"elementor_header_footer","meta":{"footnotes":""},"class_list":["post-145","page","type-page","status-publish","hentry"],"_links":{"self":[{"href":"https:\/\/wishtrial.com.mx\/Rekua\/wp-json\/wp\/v2\/pages\/145","targetHints":{"allow":["GET"]}}],"collection":[{"href":"https:\/\/wishtrial.com.mx\/Rekua\/wp-json\/wp\/v2\/pages"}],"about":[{"href":"https:\/\/wishtrial.com.mx\/Rekua\/wp-json\/wp\/v2\/types\/page"}],"author":[{"embeddable":true,"href":"https:\/\/wishtrial.com.mx\/Rekua\/wp-json\/wp\/v2\/users\/1"}],"replies":[{"embeddable":true,"href":"https:\/\/wishtrial.com.mx\/Rekua\/wp-json\/wp\/v2\/comments?post=145"}],"version-history":[{"count":29,"href":"https:\/\/wishtrial.com.mx\/Rekua\/wp-json\/wp\/v2\/pages\/145\/revisions"}],"predecessor-version":[{"id":599,"href":"https:\/\/wishtrial.com.mx\/Rekua\/wp-json\/wp\/v2\/pages\/145\/revisions\/599"}],"wp:attachment":[{"href":"https:\/\/wishtrial.com.mx\/Rekua\/wp-json\/wp\/v2\/media?parent=145"}],"curies":[{"name":"wp","href":"https:\/\/api.w.org\/{rel}","templated":true}]}}