{"id":150,"date":"2023-04-18T15:00:13","date_gmt":"2023-04-18T15:00:13","guid":{"rendered":"http:\/\/wishtrial.com.mx\/Rekua\/?page_id=150"},"modified":"2023-04-27T18:01:03","modified_gmt":"2023-04-27T18:01:03","slug":"cocina-madre-brotante","status":"publish","type":"page","link":"https:\/\/wishtrial.com.mx\/Rekua\/cocina-madre-brotante\/","title":{"rendered":"cocina madre brotante"},"content":{"rendered":"\t\t<div data-elementor-type=\"wp-page\" data-elementor-id=\"150\" class=\"elementor elementor-150\">\n\t\t\t\t\t\t\t\t\t<section class=\"elementor-section elementor-top-section elementor-element elementor-element-c48119a elementor-section-full_width elementor-section-height-min-height elementor-section-content-middle elementor-section-stretched elementor-section-height-default elementor-section-items-middle\" data-id=\"c48119a\" data-element_type=\"section\" data-settings=\"{&quot;stretch_section&quot;:&quot;section-stretched&quot;,&quot;background_background&quot;:&quot;slideshow&quot;,&quot;background_slideshow_gallery&quot;:[{&quot;id&quot;:602,&quot;url&quot;:&quot;http:\\\/\\\/wishtrial.com.mx\\\/Rekua\\\/wp-content\\\/uploads\\\/2023\\\/04\\\/fondo-cocina-madre-scaled.jpg&quot;}],&quot;motion_fx_motion_fx_scrolling&quot;:&quot;yes&quot;,&quot;motion_fx_translateY_effect&quot;:&quot;yes&quot;,&quot;motion_fx_translateY_speed&quot;:{&quot;unit&quot;:&quot;px&quot;,&quot;size&quot;:1.600000000000000088817841970012523233890533447265625,&quot;sizes&quot;:[]},&quot;background_slideshow_loop&quot;:&quot;yes&quot;,&quot;background_slideshow_slide_duration&quot;:5000,&quot;background_slideshow_slide_transition&quot;:&quot;fade&quot;,&quot;background_slideshow_transition_duration&quot;:500,&quot;motion_fx_translateY_affectedRange&quot;:{&quot;unit&quot;:&quot;%&quot;,&quot;size&quot;:&quot;&quot;,&quot;sizes&quot;:{&quot;start&quot;:0,&quot;end&quot;:100}},&quot;motion_fx_devices&quot;:[&quot;desktop&quot;,&quot;tablet&quot;,&quot;mobile&quot;]}\">\n\t\t\t\t\t\t\t<div class=\"elementor-background-overlay\"><\/div>\n\t\t\t\t\t\t\t<div class=\"elementor-container elementor-column-gap-no\">\n\t\t\t\t\t<div class=\"elementor-column elementor-col-100 elementor-top-column elementor-element elementor-element-13c743b\" data-id=\"13c743b\" data-element_type=\"column\">\n\t\t\t<div class=\"elementor-widget-wrap elementor-element-populated\">\n\t\t\t\t\t\t\t\t<div class=\"elementor-element elementor-element-1e89990 elementor-widget elementor-widget-image\" data-id=\"1e89990\" data-element_type=\"widget\" data-widget_type=\"image.default\">\n\t\t\t\t<div class=\"elementor-widget-container\">\n\t\t\t<style>\/*! elementor - v3.12.1 - 02-04-2023 *\/\n.elementor-widget-image{text-align:center}.elementor-widget-image a{display:inline-block}.elementor-widget-image a img[src$=\".svg\"]{width:48px}.elementor-widget-image img{vertical-align:middle;display:inline-block}<\/style>\t\t\t\t\t\t\t\t\t\t\t\t<img loading=\"lazy\" decoding=\"async\" width=\"525\" height=\"394\" src=\"https:\/\/wishtrial.com.mx\/Rekua\/wp-content\/uploads\/2023\/04\/cocina-madre-logo-blanco.png\" class=\"attachment-large size-large wp-image-600\" alt=\"\" srcset=\"https:\/\/wishtrial.com.mx\/Rekua\/wp-content\/uploads\/2023\/04\/cocina-madre-logo-blanco.png 824w, https:\/\/wishtrial.com.mx\/Rekua\/wp-content\/uploads\/2023\/04\/cocina-madre-logo-blanco-300x225.png 300w, https:\/\/wishtrial.com.mx\/Rekua\/wp-content\/uploads\/2023\/04\/cocina-madre-logo-blanco-768x577.png 768w\" sizes=\"auto, 100vw\" \/>\t\t\t\t\t\t\t\t\t\t\t\t\t\t\t<\/div>\n\t\t\t\t<\/div>\n\t\t\t\t<div class=\"elementor-element elementor-element-e408587 elementor-widget elementor-widget-text-editor\" data-id=\"e408587\" data-element_type=\"widget\" data-widget_type=\"text-editor.default\">\n\t\t\t\t<div class=\"elementor-widget-container\">\n\t\t\t<style>\/*! elementor - v3.12.1 - 02-04-2023 *\/\n.elementor-widget-text-editor.elementor-drop-cap-view-stacked .elementor-drop-cap{background-color:#69727d;color:#fff}.elementor-widget-text-editor.elementor-drop-cap-view-framed .elementor-drop-cap{color:#69727d;border:3px solid;background-color:transparent}.elementor-widget-text-editor:not(.elementor-drop-cap-view-default) .elementor-drop-cap{margin-top:8px}.elementor-widget-text-editor:not(.elementor-drop-cap-view-default) .elementor-drop-cap-letter{width:1em;height:1em}.elementor-widget-text-editor .elementor-drop-cap{float:left;text-align:center;line-height:1;font-size:50px}.elementor-widget-text-editor .elementor-drop-cap-letter{display:inline-block}<\/style>\t\t\t\t<p>Valle de Bravo<\/p>\t\t\t\t\t\t<\/div>\n\t\t\t\t<\/div>\n\t\t\t\t<div class=\"elementor-element elementor-element-d2e22cf elementor-widget elementor-widget-text-editor\" data-id=\"d2e22cf\" data-element_type=\"widget\" data-widget_type=\"text-editor.default\">\n\t\t\t\t<div class=\"elementor-widget-container\">\n\t\t\t\t\t\t\t<p>La cocina (del lat\u00edn coquina\/coquere), cuyo origen natural es el cocer alimentos; es el punto neural de todas las casas. La cocina no s\u00f3lo es donde se preparan los platillos, sino el lugar de reuni\u00f3n m\u00e1s c\u00e1lido y natural para estar departiendo, comiendo, bebiendo y disfrutando una muy extensa sobremesa. La mejor forma de describir nuestra cocina es hacia el origen y fuente natural de todas las cosas: la madre.<span class=\"Apple-converted-space\">\u00a0<\/span><\/p><p>Cocina Madre es un espacio que fusiona ingredientes sencillos, locales y de temporada; con grandes t\u00e9cnicas de preparaci\u00f3n inspiradas en el profundo mestizaje de nuestro M\u00e9xico. Y por supuesto, la combinaci\u00f3n con las brasas y el fuego directo que da un sello distintivo al sabor de nuestra cocina.<span class=\"Apple-converted-space\">\u00a0<\/span><\/p>\t\t\t\t\t\t<\/div>\n\t\t\t\t<\/div>\n\t\t\t\t\t<\/div>\n\t\t<\/div>\n\t\t\t\t\t\t\t<\/div>\n\t\t<\/section>\n\t\t\t\t\t\t\t<\/div>\n\t\t","protected":false},"excerpt":{"rendered":"<p>Valle de Bravo La cocina (del lat\u00edn coquina\/coquere), cuyo origen natural es el cocer alimentos; es el punto neural de todas las casas. La cocina no s\u00f3lo es donde se preparan los platillos, sino el lugar de reuni\u00f3n m\u00e1s c\u00e1lido y natural para estar departiendo, comiendo, bebiendo y disfrutando una muy extensa sobremesa. La mejor &hellip; <\/p>\n<p class=\"link-more\"><a href=\"https:\/\/wishtrial.com.mx\/Rekua\/cocina-madre-brotante\/\" class=\"more-link\">Continuar leyendo<span class=\"screen-reader-text\"> &#8220;cocina madre brotante&#8221;<\/span><\/a><\/p>\n","protected":false},"author":1,"featured_media":0,"parent":0,"menu_order":0,"comment_status":"closed","ping_status":"closed","template":"elementor_header_footer","meta":{"footnotes":""},"class_list":["post-150","page","type-page","status-publish","hentry"],"_links":{"self":[{"href":"https:\/\/wishtrial.com.mx\/Rekua\/wp-json\/wp\/v2\/pages\/150","targetHints":{"allow":["GET"]}}],"collection":[{"href":"https:\/\/wishtrial.com.mx\/Rekua\/wp-json\/wp\/v2\/pages"}],"about":[{"href":"https:\/\/wishtrial.com.mx\/Rekua\/wp-json\/wp\/v2\/types\/page"}],"author":[{"embeddable":true,"href":"https:\/\/wishtrial.com.mx\/Rekua\/wp-json\/wp\/v2\/users\/1"}],"replies":[{"embeddable":true,"href":"https:\/\/wishtrial.com.mx\/Rekua\/wp-json\/wp\/v2\/comments?post=150"}],"version-history":[{"count":28,"href":"https:\/\/wishtrial.com.mx\/Rekua\/wp-json\/wp\/v2\/pages\/150\/revisions"}],"predecessor-version":[{"id":608,"href":"https:\/\/wishtrial.com.mx\/Rekua\/wp-json\/wp\/v2\/pages\/150\/revisions\/608"}],"wp:attachment":[{"href":"https:\/\/wishtrial.com.mx\/Rekua\/wp-json\/wp\/v2\/media?parent=150"}],"curies":[{"name":"wp","href":"https:\/\/api.w.org\/{rel}","templated":true}]}}